{"id":5169,"date":"2024-04-22T16:27:22","date_gmt":"2024-04-22T16:27:22","guid":{"rendered":"https:\/\/repandrefresh.com\/?post_type=product&#038;p=5169"},"modified":"2024-04-22T16:30:13","modified_gmt":"2024-04-22T16:30:13","slug":"amrap-2","status":"publish","type":"product","link":"https:\/\/repandrefresh.com\/?product=amrap-2","title":{"rendered":"AMRAP"},"content":{"rendered":"<p>Ultra confort\u00e1vel, macia, confort\u00e1vel e dur\u00e1vel.<\/p>\n<ul>\n<li>Composi\u00e7\u00e3o 100% Algod\u00e3o \/ poli\u00e9ster<\/li>\n<li>Corte com costuras laterais e com decote moderno<\/li>\n<\/ul>\n","protected":false},"excerpt":{"rendered":"<p>Ultra confort\u00e1vel, macia, confort\u00e1vel e dur\u00e1vel. Composi\u00e7\u00e3o 100% Algod\u00e3o \/ poli\u00e9ster Corte com costuras laterais e com decote moderno<\/p>\n","protected":false},"featured_media":5170,"template":"","meta":{"_monsterinsights_skip_tracking":false,"_monsterinsights_sitenote_active":false,"_monsterinsights_sitenote_note":"","_monsterinsights_sitenote_category":0,"_themeisle_gutenberg_block_has_review":false,"jetpack_post_was_ever_published":false},"product_cat":[19],"product_tag":[],"aioseo_notices":[],"_links":{"self":[{"href":"https:\/\/repandrefresh.com\/index.php?rest_route=\/wp\/v2\/product\/5169"}],"collection":[{"href":"https:\/\/repandrefresh.com\/index.php?rest_route=\/wp\/v2\/product"}],"about":[{"href":"https:\/\/repandrefresh.com\/index.php?rest_route=\/wp\/v2\/types\/product"}],"wp:featuredmedia":[{"embeddable":true,"href":"https:\/\/repandrefresh.com\/index.php?rest_route=\/wp\/v2\/media\/5170"}],"wp:attachment":[{"href":"https:\/\/repandrefresh.com\/index.php?rest_route=%2Fwp%2Fv2%2Fmedia&parent=5169"}],"wp:term":[{"taxonomy":"product_cat","embeddable":true,"href":"https:\/\/repandrefresh.com\/index.php?rest_route=%2Fwp%2Fv2%2Fproduct_cat&post=5169"},{"taxonomy":"product_tag","embeddable":true,"href":"https:\/\/repandrefresh.com\/index.php?rest_route=%2Fwp%2Fv2%2Fproduct_tag&post=5169"}],"curies":[{"name":"wp","href":"https:\/\/api.w.org\/{rel}","templated":true}]}}