{"id":4963,"date":"2024-02-11T11:45:09","date_gmt":"2024-02-11T11:45:09","guid":{"rendered":"https:\/\/repandrefresh.com\/?post_type=product&#038;p=4963"},"modified":"2024-02-15T17:34:29","modified_gmt":"2024-02-15T17:34:29","slug":"run-letters-tecnica-poliester","status":"publish","type":"product","link":"https:\/\/repandrefresh.com\/?product=run-letters-tecnica-poliester","title":{"rendered":"Run Letters &#8211; T\u00e9cnica (poli\u00e9ster)"},"content":{"rendered":"<p>T-Shirt T\u00e9cnica:<\/p>\n<ul>\n<li>T-shirt t\u00e9cnica &#8211; 150 g\/m2<\/li>\n<li>Pique mesh, 100% poli\u00e9ster<\/li>\n<li>T-shirt t\u00e9cnica com mangas raglan<\/li>\n<li>Tecido respir\u00e1vel<\/li>\n<li>Gola redonda<\/li>\n<li>Tapa-costuras na gola em pique<\/li>\n<li>Corte regular<\/li>\n<li>Costura dupla nas mangas e parte inferior do artigo<\/li>\n<li>Cortada e cosida<\/li>\n<\/ul>\n","protected":false},"excerpt":{"rendered":"<p>T-Shirt T\u00e9cnica: T-shirt t\u00e9cnica &#8211; 150 g\/m2 Pique mesh, 100% poli\u00e9ster T-shirt t\u00e9cnica com mangas raglan Tecido respir\u00e1vel Gola redonda Tapa-costuras na gola em pique Corte regular Costura dupla nas mangas e parte inferior do artigo Cortada e cosida<\/p>\n","protected":false},"featured_media":5015,"template":"","meta":{"_monsterinsights_skip_tracking":false,"_monsterinsights_sitenote_active":false,"_monsterinsights_sitenote_note":"","_monsterinsights_sitenote_category":0,"_themeisle_gutenberg_block_has_review":false,"jetpack_post_was_ever_published":false},"product_cat":[20],"product_tag":[],"aioseo_notices":[],"_links":{"self":[{"href":"https:\/\/repandrefresh.com\/index.php?rest_route=\/wp\/v2\/product\/4963"}],"collection":[{"href":"https:\/\/repandrefresh.com\/index.php?rest_route=\/wp\/v2\/product"}],"about":[{"href":"https:\/\/repandrefresh.com\/index.php?rest_route=\/wp\/v2\/types\/product"}],"wp:featuredmedia":[{"embeddable":true,"href":"https:\/\/repandrefresh.com\/index.php?rest_route=\/wp\/v2\/media\/5015"}],"wp:attachment":[{"href":"https:\/\/repandrefresh.com\/index.php?rest_route=%2Fwp%2Fv2%2Fmedia&parent=4963"}],"wp:term":[{"taxonomy":"product_cat","embeddable":true,"href":"https:\/\/repandrefresh.com\/index.php?rest_route=%2Fwp%2Fv2%2Fproduct_cat&post=4963"},{"taxonomy":"product_tag","embeddable":true,"href":"https:\/\/repandrefresh.com\/index.php?rest_route=%2Fwp%2Fv2%2Fproduct_tag&post=4963"}],"curies":[{"name":"wp","href":"https:\/\/api.w.org\/{rel}","templated":true}]}}