{"id":3030,"date":"2023-12-05T12:40:42","date_gmt":"2023-12-05T12:40:42","guid":{"rendered":"https:\/\/repandrefresh.com\/?post_type=product&#038;p=3030"},"modified":"2024-02-15T17:32:52","modified_gmt":"2024-02-15T17:32:52","slug":"i-like-padel","status":"publish","type":"product","link":"https:\/\/repandrefresh.com\/?product=i-like-padel","title":{"rendered":"I Like Padel"},"content":{"rendered":"<p>Ultra confort\u00e1vel, macia, confort\u00e1vel e dur\u00e1vel.<\/p>\n<ul>\n<li>Composi\u00e7\u00e3o 100% Algod\u00e3o<\/li>\n<li>Corte com costuras laterais e com decote moderno<\/li>\n<\/ul>\n","protected":false},"excerpt":{"rendered":"<p>Ultra confort\u00e1vel, macia, confort\u00e1vel e dur\u00e1vel. Composi\u00e7\u00e3o 100% Algod\u00e3o Corte com costuras laterais e com decote moderno<\/p>\n","protected":false},"featured_media":3033,"template":"","meta":{"_monsterinsights_skip_tracking":false,"_monsterinsights_sitenote_active":false,"_monsterinsights_sitenote_note":"","_monsterinsights_sitenote_category":0,"_themeisle_gutenberg_block_has_review":false,"jetpack_post_was_ever_published":false},"product_cat":[38],"product_tag":[],"aioseo_notices":[],"_links":{"self":[{"href":"https:\/\/repandrefresh.com\/index.php?rest_route=\/wp\/v2\/product\/3030"}],"collection":[{"href":"https:\/\/repandrefresh.com\/index.php?rest_route=\/wp\/v2\/product"}],"about":[{"href":"https:\/\/repandrefresh.com\/index.php?rest_route=\/wp\/v2\/types\/product"}],"wp:featuredmedia":[{"embeddable":true,"href":"https:\/\/repandrefresh.com\/index.php?rest_route=\/wp\/v2\/media\/3033"}],"wp:attachment":[{"href":"https:\/\/repandrefresh.com\/index.php?rest_route=%2Fwp%2Fv2%2Fmedia&parent=3030"}],"wp:term":[{"taxonomy":"product_cat","embeddable":true,"href":"https:\/\/repandrefresh.com\/index.php?rest_route=%2Fwp%2Fv2%2Fproduct_cat&post=3030"},{"taxonomy":"product_tag","embeddable":true,"href":"https:\/\/repandrefresh.com\/index.php?rest_route=%2Fwp%2Fv2%2Fproduct_tag&post=3030"}],"curies":[{"name":"wp","href":"https:\/\/api.w.org\/{rel}","templated":true}]}}