{"id":224,"date":"2023-09-21T16:04:17","date_gmt":"2023-09-21T16:04:17","guid":{"rendered":"https:\/\/repandrefresh.com\/?post_type=product&#038;p=224"},"modified":"2024-02-15T17:31:10","modified_gmt":"2024-02-15T17:31:10","slug":"deadlift","status":"publish","type":"product","link":"https:\/\/repandrefresh.com\/?product=deadlift","title":{"rendered":"DeadLift"},"content":{"rendered":"<p>Ultra confort\u00e1vel, macia, confort\u00e1vel e dur\u00e1vel.<\/p>\n<ul>\n<li>Composi\u00e7\u00e3o 100% Algod\u00e3o<\/li>\n<li>Corte com costuras laterais e com decote moderno<\/li>\n<\/ul>\n","protected":false},"excerpt":{"rendered":"<p>Ultra confort\u00e1vel, macia, confort\u00e1vel e dur\u00e1vel. Composi\u00e7\u00e3o 100% Algod\u00e3o Corte com costuras laterais e com decote moderno<\/p>\n","protected":false},"featured_media":225,"template":"","meta":{"_monsterinsights_skip_tracking":false,"_monsterinsights_sitenote_active":false,"_monsterinsights_sitenote_note":"","_monsterinsights_sitenote_category":0,"_themeisle_gutenberg_block_has_review":false,"jetpack_post_was_ever_published":false},"product_cat":[19],"product_tag":[],"aioseo_notices":[],"_links":{"self":[{"href":"https:\/\/repandrefresh.com\/index.php?rest_route=\/wp\/v2\/product\/224"}],"collection":[{"href":"https:\/\/repandrefresh.com\/index.php?rest_route=\/wp\/v2\/product"}],"about":[{"href":"https:\/\/repandrefresh.com\/index.php?rest_route=\/wp\/v2\/types\/product"}],"wp:featuredmedia":[{"embeddable":true,"href":"https:\/\/repandrefresh.com\/index.php?rest_route=\/wp\/v2\/media\/225"}],"wp:attachment":[{"href":"https:\/\/repandrefresh.com\/index.php?rest_route=%2Fwp%2Fv2%2Fmedia&parent=224"}],"wp:term":[{"taxonomy":"product_cat","embeddable":true,"href":"https:\/\/repandrefresh.com\/index.php?rest_route=%2Fwp%2Fv2%2Fproduct_cat&post=224"},{"taxonomy":"product_tag","embeddable":true,"href":"https:\/\/repandrefresh.com\/index.php?rest_route=%2Fwp%2Fv2%2Fproduct_tag&post=224"}],"curies":[{"name":"wp","href":"https:\/\/api.w.org\/{rel}","templated":true}]}}